{"id":651,"date":"2024-01-04T01:55:42","date_gmt":"2024-01-04T01:55:42","guid":{"rendered":"https:\/\/sites.gtiit.edu.cn\/corefacility\/?page_id=651"},"modified":"2024-03-05T07:14:41","modified_gmt":"2024-03-05T07:14:41","slug":"zeiss-axio-observer-7","status":"publish","type":"page","link":"https:\/\/sites.gtiit.edu.cn\/corefacility\/zeiss-axio-observer-7\/","title":{"rendered":"Zeiss Axio Observer 7"},"content":{"rendered":"\t\t<div data-elementor-type=\"wp-page\" data-elementor-id=\"651\" class=\"elementor elementor-651\" data-elementor-settings=\"[]\">\n\t\t\t\t\t\t<div class=\"elementor-inner\">\n\t\t\t\t\t\t\t<div class=\"elementor-section-wrap\">\n\t\t\t\t\t\t\t<section class=\"elementor-section elementor-top-section elementor-element elementor-element-9800cfe elementor-section-boxed elementor-section-height-default elementor-section-height-default\" data-id=\"9800cfe\" data-element_type=\"section\">\n\t\t\t\t\t\t<div class=\"elementor-container elementor-column-gap-default\">\n\t\t\t\t\t\t\t<div class=\"elementor-row\">\n\t\t\t\t\t<div class=\"elementor-column elementor-col-100 elementor-top-column elementor-element elementor-element-16e496c\" data-id=\"16e496c\" data-element_type=\"column\">\n\t\t\t<div class=\"elementor-column-wrap elementor-element-populated\">\n\t\t\t\t\t\t\t<div class=\"elementor-widget-wrap\">\n\t\t\t\t\t\t<div class=\"elementor-element elementor-element-5f141ba elementor-widget elementor-widget-heading\" data-id=\"5f141ba\" data-element_type=\"widget\" data-widget_type=\"heading.default\">\n\t\t\t\t<div class=\"elementor-widget-container\">\n\t\t\t<h2 class=\"elementor-heading-title elementor-size-xl\">Zeiss Axio Observer 7<\/h2>\t\t<\/div>\n\t\t\t\t<\/div>\n\t\t\t\t\t\t<\/div>\n\t\t\t\t\t<\/div>\n\t\t<\/div>\n\t\t\t\t\t\t\t\t<\/div>\n\t\t\t\t\t<\/div>\n\t\t<\/section>\n\t\t\t\t<section class=\"elementor-section elementor-top-section elementor-element elementor-element-f33854d elementor-section-boxed elementor-section-height-default elementor-section-height-default\" data-id=\"f33854d\" data-element_type=\"section\">\n\t\t\t\t\t\t<div class=\"elementor-container elementor-column-gap-default\">\n\t\t\t\t\t\t\t<div class=\"elementor-row\">\n\t\t\t\t\t<div class=\"elementor-column elementor-col-100 elementor-top-column elementor-element elementor-element-89beb34\" data-id=\"89beb34\" data-element_type=\"column\">\n\t\t\t<div class=\"elementor-column-wrap elementor-element-populated\">\n\t\t\t\t\t\t\t<div class=\"elementor-widget-wrap\">\n\t\t\t\t\t\t<div class=\"elementor-element elementor-element-6ece5f7 elementor-widget elementor-widget-image\" data-id=\"6ece5f7\" data-element_type=\"widget\" data-widget_type=\"image.default\">\n\t\t\t\t<div class=\"elementor-widget-container\">\n\t\t\t\t\t\t\t\t<div class=\"elementor-image\">\n\t\t\t\t\t\t\t\t\t\t\t\t<img width=\"640\" height=\"345\" src=\"https:\/\/sites.gtiit.edu.cn\/corefacility\/wp-content\/uploads\/sites\/74\/2024\/01\/Zeiss-Axio-Observer.jpg\" class=\"attachment-large size-large\" alt=\"\" loading=\"lazy\" \/>\t\t\t\t\t\t\t\t\t\t\t\t\t\t<\/div>\n\t\t\t\t\t\t<\/div>\n\t\t\t\t<\/div>\n\t\t\t\t\t\t<\/div>\n\t\t\t\t\t<\/div>\n\t\t<\/div>\n\t\t\t\t\t\t\t\t<\/div>\n\t\t\t\t\t<\/div>\n\t\t<\/section>\n\t\t\t\t<section class=\"elementor-section elementor-top-section elementor-element elementor-element-c7a2f97 elementor-section-boxed elementor-section-height-default elementor-section-height-default\" data-id=\"c7a2f97\" data-element_type=\"section\">\n\t\t\t\t\t\t<div class=\"elementor-container elementor-column-gap-default\">\n\t\t\t\t\t\t\t<div class=\"elementor-row\">\n\t\t\t\t\t<div class=\"elementor-column elementor-col-100 elementor-top-column elementor-element elementor-element-68676cb\" data-id=\"68676cb\" data-element_type=\"column\">\n\t\t\t<div class=\"elementor-column-wrap elementor-element-populated\">\n\t\t\t\t\t\t\t<div class=\"elementor-widget-wrap\">\n\t\t\t\t\t\t<section class=\"elementor-section elementor-inner-section elementor-element elementor-element-43ab29a elementor-section-boxed elementor-section-height-default elementor-section-height-default\" data-id=\"43ab29a\" data-element_type=\"section\">\n\t\t\t\t\t\t<div class=\"elementor-container elementor-column-gap-default\">\n\t\t\t\t\t\t\t<div class=\"elementor-row\">\n\t\t\t\t\t<div class=\"elementor-column elementor-col-100 elementor-inner-column elementor-element elementor-element-3d23458\" data-id=\"3d23458\" data-element_type=\"column\">\n\t\t\t<div class=\"elementor-column-wrap elementor-element-populated\">\n\t\t\t\t\t\t\t<div class=\"elementor-widget-wrap\">\n\t\t\t\t\t\t<div class=\"elementor-element elementor-element-f262931 elementor-widget elementor-widget-text-editor\" data-id=\"f262931\" data-element_type=\"widget\" data-widget_type=\"text-editor.default\">\n\t\t\t\t<div class=\"elementor-widget-container\">\n\t\t\t\t\t\t\t\t<div class=\"elementor-text-editor elementor-clearfix\">\n\t\t\t\t<h1><strong>Introduction:<\/strong><\/h1><p>Zeiss Axio Observer is a flexible, motorised, inverted, epifluorescence microscope capable of multimodal imaging of living and fixed specimens. It uses the latest generation of LED illumination for gentle imaging. And creates the optimal environment for a whole range of samples to deliver reliable, reproducible data.<\/p><h1>Advantages:<\/h1><ul><li>Multi-channel fluorescence imaging &#8211; DAPI, CFP, green, YFP, red and far-red<\/li><li>Objective: 10\u00d7, 20\u00d7, 40\u00d7, 63\u00d7, 100\u00d7<\/li><li>Slides, dish and multi-well plates format<\/li><li>Immunofluorescence labelled tissue or cell culture imaging<\/li><li>Suitable for fixed samples or sensitive, fast and long-term live experiments.<\/li><li>Excellent for object tracking<\/li><\/ul>\t\t\t\t\t<\/div>\n\t\t\t\t\t\t<\/div>\n\t\t\t\t<\/div>\n\t\t\t\t\t\t<\/div>\n\t\t\t\t\t<\/div>\n\t\t<\/div>\n\t\t\t\t\t\t\t\t<\/div>\n\t\t\t\t\t<\/div>\n\t\t<\/section>\n\t\t\t\t\t\t<\/div>\n\t\t\t\t\t<\/div>\n\t\t<\/div>\n\t\t\t\t\t\t\t\t<\/div>\n\t\t\t\t\t<\/div>\n\t\t<\/section>\n\t\t\t\t<section class=\"elementor-section elementor-top-section elementor-element elementor-element-e977f5e elementor-section-boxed elementor-section-height-default elementor-section-height-default\" data-id=\"e977f5e\" data-element_type=\"section\">\n\t\t\t\t\t\t<div class=\"elementor-container elementor-column-gap-default\">\n\t\t\t\t\t\t\t<div class=\"elementor-row\">\n\t\t\t\t\t<div class=\"elementor-column elementor-col-100 elementor-top-column elementor-element elementor-element-0809084\" data-id=\"0809084\" data-element_type=\"column\">\n\t\t\t<div class=\"elementor-column-wrap elementor-element-populated\">\n\t\t\t\t\t\t\t<div class=\"elementor-widget-wrap\">\n\t\t\t\t\t\t<div class=\"elementor-element elementor-element-5bab397 elementor-widget elementor-widget-wp-widget-custom_html\" data-id=\"5bab397\" data-element_type=\"widget\" data-widget_type=\"wp-widget-custom_html.default\">\n\t\t\t\t<div class=\"elementor-widget-container\">\n\t\t\t<h5>Links:<\/h5><div class=\"textwidget custom-html-widget\"><a target=\"_blank\" href=\"http:\/\/sites.gtiit.edu.cn\/corefacility\/wp-content\/uploads\/sites\/74\/2024\/01\/Zeiss-Observer-7-\u64cd\u4f5c\u6307\u5357.pdf\" rel=\"noopener\">1. Zeiss-Observer-7-\u64cd\u4f5c\u6307\u5357.pdf<\/a>\r\n<\/div>\t\t<\/div>\n\t\t\t\t<\/div>\n\t\t\t\t\t\t<\/div>\n\t\t\t\t\t<\/div>\n\t\t<\/div>\n\t\t\t\t\t\t\t\t<\/div>\n\t\t\t\t\t<\/div>\n\t\t<\/section>\n\t\t\t\t<section class=\"elementor-section elementor-top-section elementor-element elementor-element-422a2af elementor-section-boxed elementor-section-height-default elementor-section-height-default\" data-id=\"422a2af\" data-element_type=\"section\">\n\t\t\t\t\t\t<div class=\"elementor-container elementor-column-gap-default\">\n\t\t\t\t\t\t\t<div class=\"elementor-row\">\n\t\t\t\t\t<div class=\"elementor-column elementor-col-100 elementor-top-column elementor-element elementor-element-f905c2a\" data-id=\"f905c2a\" data-element_type=\"column\">\n\t\t\t<div class=\"elementor-column-wrap elementor-element-populated\">\n\t\t\t\t\t\t\t<div class=\"elementor-widget-wrap\">\n\t\t\t\t\t\t<div class=\"elementor-element elementor-element-44d13df elementor-widget elementor-widget-button\" data-id=\"44d13df\" data-element_type=\"widget\" data-widget_type=\"button.default\">\n\t\t\t\t<div class=\"elementor-widget-container\">\n\t\t\t\t\t<div class=\"elementor-button-wrapper\">\n\t\t\t<a href=\"https:\/\/sites.gtiit.edu.cn\/corefacility\/reservation\/\" class=\"elementor-button-link elementor-button elementor-size-md elementor-animation-float\" role=\"button\">\n\t\t\t\t\t\t<span class=\"elementor-button-content-wrapper\">\n\t\t\t\t\t\t<span class=\"elementor-button-icon elementor-align-icon-left\">\n\t\t\t\t<i aria-hidden=\"true\" class=\"far fa-calendar-alt\"><\/i>\t\t\t<\/span>\n\t\t\t\t\t\t<span class=\"elementor-button-text\">GO TO RESERVATION<\/span>\n\t\t<\/span>\n\t\t\t\t\t<\/a>\n\t\t<\/div>\n\t\t\t\t<\/div>\n\t\t\t\t<\/div>\n\t\t\t\t\t\t<\/div>\n\t\t\t\t\t<\/div>\n\t\t<\/div>\n\t\t\t\t\t\t\t\t<\/div>\n\t\t\t\t\t<\/div>\n\t\t<\/section>\n\t\t\t\t\t\t<\/div>\n\t\t\t\t\t\t<\/div>\n\t\t\t\t\t<\/div>\n\t\t","protected":false},"excerpt":{"rendered":"<p>Zeiss Axio Observer 7 Introduction: Zeiss Axio Observer is a flexible, motorised, inverted, epifluorescence microscope capable of multimodal imaging of living and fixed specimens. It uses the latest generation of LED illumination for gentle imaging. And creates the optimal environment&hellip;&nbsp;<a href=\"https:\/\/sites.gtiit.edu.cn\/corefacility\/zeiss-axio-observer-7\/\" class=\"more-link\">Read More<\/a><\/p>\n","protected":false},"author":375,"featured_media":0,"parent":0,"menu_order":0,"comment_status":"closed","ping_status":"closed","template":"elementor_header_footer","meta":[],"_links":{"self":[{"href":"https:\/\/sites.gtiit.edu.cn\/corefacility\/wp-json\/wp\/v2\/pages\/651"}],"collection":[{"href":"https:\/\/sites.gtiit.edu.cn\/corefacility\/wp-json\/wp\/v2\/pages"}],"about":[{"href":"https:\/\/sites.gtiit.edu.cn\/corefacility\/wp-json\/wp\/v2\/types\/page"}],"author":[{"embeddable":true,"href":"https:\/\/sites.gtiit.edu.cn\/corefacility\/wp-json\/wp\/v2\/users\/375"}],"replies":[{"embeddable":true,"href":"https:\/\/sites.gtiit.edu.cn\/corefacility\/wp-json\/wp\/v2\/comments?post=651"}],"version-history":[{"count":3,"href":"https:\/\/sites.gtiit.edu.cn\/corefacility\/wp-json\/wp\/v2\/pages\/651\/revisions"}],"predecessor-version":[{"id":1430,"href":"https:\/\/sites.gtiit.edu.cn\/corefacility\/wp-json\/wp\/v2\/pages\/651\/revisions\/1430"}],"wp:attachment":[{"href":"https:\/\/sites.gtiit.edu.cn\/corefacility\/wp-json\/wp\/v2\/media?parent=651"}],"curies":[{"name":"wp","href":"https:\/\/api.w.org\/{rel}","templated":true}]}}